{"id":1606,"date":"2024-06-21T07:21:55","date_gmt":"2024-06-21T05:21:55","guid":{"rendered":"https:\/\/www.termogradnje.si\/varovanje-osebnih-podatkov\/"},"modified":"2024-08-09T12:39:57","modified_gmt":"2024-08-09T10:39:57","slug":"varovanje-osebnih-podatkov","status":"publish","type":"page","link":"https:\/\/www.termogradnje.si\/sl\/varovanje-osebnih-podatkov\/","title":{"rendered":"Varovanje osebnih podatkov"},"content":{"rendered":"\t\t<div data-elementor-type=\"wp-page\" data-elementor-id=\"1606\" class=\"elementor elementor-1606 elementor-3\" data-elementor-post-type=\"page\">\n\t\t\t\t<div class=\"elementor-element elementor-element-26e8b57 e-flex e-con-boxed e-con e-parent\" data-id=\"26e8b57\" data-element_type=\"container\" data-e-type=\"container\" data-settings=\"{&quot;background_background&quot;:&quot;classic&quot;}\">\n\t\t\t\t\t<div class=\"e-con-inner\">\n\t\t\t\t<div class=\"elementor-element elementor-element-34834c9 elementor-widget-divider--view-line elementor-widget elementor-widget-divider\" data-id=\"34834c9\" data-element_type=\"widget\" data-e-type=\"widget\" data-widget_type=\"divider.default\">\n\t\t\t\t<div class=\"elementor-widget-container\">\n\t\t\t\t\t\t\t<div class=\"elementor-divider\">\n\t\t\t<span class=\"elementor-divider-separator\">\n\t\t\t\t\t\t<\/span>\n\t\t<\/div>\n\t\t\t\t\t\t<\/div>\n\t\t\t\t<\/div>\n\t\t\t\t\t<\/div>\n\t\t\t\t<\/div>\n\t\t<div class=\"elementor-element elementor-element-1b57892 e-flex e-con-boxed e-con e-parent\" data-id=\"1b57892\" data-element_type=\"container\" data-e-type=\"container\">\n\t\t\t\t\t<div class=\"e-con-inner\">\n\t\t<div class=\"elementor-element elementor-element-4136c6c e-con-full article e-flex e-con e-child\" data-id=\"4136c6c\" data-element_type=\"container\" data-e-type=\"container\">\n\t\t\t\t<div class=\"elementor-element elementor-element-8d0d4e1 elementor-widget elementor-widget-text-editor\" data-id=\"8d0d4e1\" data-element_type=\"widget\" data-e-type=\"widget\" data-widget_type=\"text-editor.default\">\n\t\t\t\t<div class=\"elementor-widget-container\">\n\t\t\t\t\t\t\t\t\t<h4>Upravljavec osebnih podatkov in kontaktnih informacij<\/h4>\n<p>Ta politika velja za obdelavo (uporabo) kakr\u0161nih koli osebnih podatkov, ki jih izvaja dru\u017eba Termogradnje in\u017eeniring d.o.o. (upravljavec), ali ki se izvaja v imenu upravnika.<\/p>\n<h5>Podatki o upravitelju:<\/h5>\n<p>Termogradnje in\u017eeniring d.o.o. Cankarjeva cesta 1 1270 &#8211; Litija Dav\u010dna \u0161t. SI68206836 Mati\u010dna \u0161t.: 3320936000 Email: info(at)termogradnje.si<\/p>\n<h4>Kak\u0161ne osebne podatke obdelujemo?<\/h4>\n<p>osnovni kontaktni podatki (ime in priimek, telefonska \u0161tevilka, elektronski naslov); podatki o uporabi na\u0161ega spletnega mesta (\u0161tevilo klikov na povezave, porabljen \u010das) in podatki o odgovorih na na\u0161a e-po\u0161tna sporo\u010dila (ali so bila sporo\u010dila odprta, katere povezave so kliknjene itd.): podatki, ki jih potrebujemo za izpolnjevanje na\u0161e pogodbe in dostavo morebitno kupljeno blago\/storitev (kupljeni artikel, cena, na\u010din pla\u010dila, datum pla\u010dila, podatki o reklamacijah, podatki o izdanem ra\u010dunu ipd.).<\/p>\n<h4>Pravna podlaga za obdelavo osebnih podatkov<\/h4>\n<p>Va\u0161e osebne podatke smemo obdelovati na naslednji pravni podlagi: kadar je to potrebno za izpolnjevanje na\u0161ih zakonskih obveznosti (npr. izstavljanje ra\u010dunov za kupljeno blago\/storitve); kadar je obdelava va\u0161ih osebnih podatkov potrebna za sklenitev in izpolnitev pogodbe, ki ste jo sklenili z nami, ali ker ste od nas iskali ponudbo; ko ste dali soglasje za obdelavo va\u0161ih osebnih podatkov za en sam namen obdelave (npr. prejemanje elektronskih novic in ogla\u0161evanje), v tem primeru imate vedno pravico do preklica soglasja.<\/p>\n<h4>Namen obdelave osebnih podatkov<\/h4>\n<p>Va\u0161e osebne podatke lahko uporabljamo za enega ali ve\u010d od naslednjih namenov: komunikacija z vami v zvezi z zagotavljanjem na\u0161ih storitev ali odgovor na va\u0161a vpra\u0161anja; sklepanje pogodbe in izpolnjevanje obveznosti, ki izhajajo iz sklenjene pogodbe; tr\u017eno komuniciranje (npr. po\u0161iljanje elektronske po\u0161te); uveljavljanje morebitnih pravnih zahtevkov in re\u0161evanje sporov; za statisti\u010dne analize o prodaji na\u0161ega blaga in uporabi na\u0161ih spletnih strani.<\/p>\n<h4>Kako obdelujemo osebne podatke, ki niso del prodajne pogodbe?<\/h4>\n<h4>Pi\u0161kotki<\/h4>\n<p>Z oddajo komentarja se strinjate, da delite svoje ime, e-po\u0161tni naslov in po \u017eelji naslov spletnega mesta. Pri tem se lahko shrani pi\u0161kotek, tako da vam ob naslednjem komentarju ne bo treba znova vna\u0161ati podatkov. Ti pi\u0161kotki bodo shranjeni eno leto. Vse o pi\u0161kotkih in na\u010dinu njihove uporabe si lahko preberete na tej strani tukaj.<\/p>\n<div class=\"cky-audit-table-element\"> <\/div>\n<p><a class=\"cky-banner-element\" href=\"#\"><strong>Upravljajte s pi\u0161kotki <\/strong><\/a>Prostovoljno posredovanje podatkov in posledice, \u010de tega ne storite Posredovanje osebnih podatkov je prostovoljno. Svojih osebnih podatkov nam niste dol\u017eni posredovati. \u010ce pa tega ne posredujete, z nami ne morete skleniti pogodbe (saj podatke potrebujemo za dokon\u010danje naro\u010dila). Vsaki\u010d, ko od vas pridobimo osebne podatke, bomo navedli podatke, ki so potrebni za primere, ko pomanjkanje podatkov povzro\u010di zgoraj navedene posledice.<\/p>\n<h4>Kdo ima dostop do va\u0161ih osebnih podatkov?<\/h4>\n<p>Va\u0161ih osebnih podatkov ne posredujemo in ne omogo\u010damo dostopa do njih tretjim osebam (izven podjetja Termogradnje in\u017eeniring d.o.o.), razen tistim, ki imajo z nami sklenjeno pisno pogodbo, na podlagi katere izvajajo dolo\u010dena opravila v zvezi s z obdelavo podatkov in so dol\u017eni spo\u0161tovati zakonodajo s podro\u010dja obdelave in varstva osebnih podatkov (t.i. pogodbeni obdelovalci). Pogodbeni obdelovalci podatkov, ki jim posredujemo osebne podatke, so:<\/p>\n<h4>ponudniki ra\u010dunovodskih storitev.<\/h4>\n<p>Pogodbeni obdelovalci lahko osebne podatke obdelujejo le v okviru na\u0161ih navodil in osebnih podatkov ne smejo obdelovati za lastne namene. Skupaj s svojimi zaposlenimi so zavezani k varovanju zaupnosti va\u0161ih osebnih podatkov. Pogodbeni obdelovalci osebnih podatkov ne izna\u0161ajo v tretje dr\u017eave (ki niso dr\u017eave \u010dlanice Evropskega gospodarskega prostora \u2013 te pa so \u010dlanice EU, pa tudi Island, Norve\u0161ka in Liechtenstein).<\/p>\n<h5>Kak\u0161ne so va\u0161e pravice v zvezi z osebnimi podatki, kako lahko prekli\u010dete soglasje za njihovo obdelavo in kak\u0161ne so posledice preklica?<\/h5>\n<p>V zvezi z va\u0161imi osebnimi podatki imate naslednje pravice: \u2013 ki jih lahko od nas zahtevate kadarkoli: potrditev, ali smemo obdelovati va\u0161e osebne podatke ali ne; dostop do va\u0161ih osebnih podatkov in naslednje informacije: namen obdelave; vrste osebnih podatkov; uporabniki ali kategorije uporabnikov, ki so prejeli ali bodo prejeli dostop do njega, zlasti uporabniki v tretjih dr\u017eavah ali mednarodnih organizacijah; pri\u010dakovano obdobje, v katerem bo shranjen, ali, \u010de to ni mogo\u010de, merila, ki bodo uporabljena za dolo\u010ditev tega obdobja; obstoj avtomatiziranega odlo\u010danja, ki vklju\u010duje profiliranje in razloge zanj ter pomen in pri\u010dakovane posledice tak\u0161ne obdelave za vas; ena (brezpla\u010dna) kopija va\u0161ih osebnih podatkov v obliki, ki jo dolo\u010dite sami (\u010de je zahteva podana elektronsko in ne zahtevate druga\u010de, bo kopija zagotovljena v elektronski obliki); za vse dodatne kopije, ki jih zahtevate, si pridr\u017eujemo pravico zara\u010dunati razumno pristojbino po upo\u0161tevanju stro\u0161kov; popravek neto\u010dnih osebnih podatkov; omejitev obdelave, ko \u2013 oporekate to\u010dnosti osebnih podatkov za dolo\u010deno obdobje, kar nam omogo\u010da preverjanje to\u010dnosti osebnih podatkov; \u2013 je obdelava podatkov nezakonita in nasprotujete izbrisu osebnih podatkov ter namesto tega zahtevate omejitev njihove uporabe; \u2013 osebnih podatkov ne uporabljamo ve\u010d za namene obdelave, vendar jih potrebujete za uveljavljanje, izvajanje ali obrambo pravnih zahtevkov; izbris vseh osebnih podatkov (pravica do pozabe), \u010de so izpolnjeni pogoji iz 17. \u010dlena GDPR, predvsem v primeru, da prekli\u010dete soglasje za obdelavo va\u0161ih osebnih podatkov; izpis va\u0161ih osebnih podatkov v strukturirani, splo\u0161no uporabljani in strojno berljivi obliki, s pravico, da te podatke posredujemo drugemu obdelovalcu brez kakr\u0161nih koli ovir ali ovir z na\u0161e strani; prenehanje uporabe osebnih podatkov za namene neposrednega tr\u017eenja, vklju\u010dno s profiliranjem; ugotovitev, da odlo\u010ditev, ki temelji izklju\u010dno na avtomatizirani obdelavi, za vas ne velja, vklju\u010dno z ustvarjanjem profilov, \u010de so izpolnjeni pogoji iz 22. \u010dlena GDPR. \u2013 pravico do vlo\u017eitve prito\u017ebe zoper nas pri Informacijskem poobla\u0161\u010dencu, \u010de menite, da je bila obdelava va\u0161ih osebnih podatkov v nasprotju z GDPR. Kako uveljavljati svoje pravice Va\u0161e zahteve v zvezi z uveljavljanjem va\u0161ih pravic v zvezi z va\u0161imi osebnimi podatki lahko pisno naslovite na kateri koli kontakt, ki je naveden na vrhu tega dokumenta pod Upravljavec osebnih podatkov in kontaktni podatki. Za namen zanesljive identifikacije v primeru uveljavljanja pravic v zvezi z osebnimi podatki si pridr\u017eujemo pravico od vas zahtevati dodatne informacije, ukrepanje pa lahko zavrnemo le, \u010de doka\u017eemo, da va\u0161e identitete ni mogo\u010de zanesljivo potrditi. Na va\u0161o zahtevo za uveljavljanje va\u0161ih pravic v zvezi z osebnimi podatki smo dol\u017eni odgovoriti brez nepotrebnega odla\u0161anja, najkasneje pa v enem mesecu od prejema va\u0161e zahteve. \u010ce ste na tej strani oddali pripombe ali izpolnili elektronske obrazce, lahko kadar koli zahtevate, da vam posredujemo vse va\u0161e zbrane podatke ali jih spremenite v anonimne. Vse to lahko storite s posebnim obrazcem. Prav tako lahko kadar koli zahtevate, da izbri\u0161emo vse informacije, ki smo jih prejeli od vas. To ne vklju\u010duje podatkov, ki smo jih dol\u017eni zbirati zaradi morebitnih upravnih, pravnih ali varnostnih razlogov. Zahtevo za odstranitev iz sistema obve\u0161\u010danja lahko po\u0161ljete na info(at)termogradnje.si. Vse spremembe na\u0161ega pravilnika o zasebnosti podatkov bodo objavljene na tem spletnem mestu. Posodobljeno: 10. avgust 2024<\/p>\t\t\t\t\t\t\t\t<\/div>\n\t\t\t\t<\/div>\n\t\t\t\t<\/div>\n\t\t\t\t\t<\/div>\n\t\t\t\t<\/div>\n\t\t\t\t<\/div>\n\t\t","protected":false},"excerpt":{"rendered":"<p>Upravljavec osebnih podatkov in kontaktnih informacij Ta politika velja za obdelavo (uporabo) kakr\u0161nih koli osebnih podatkov, ki jih izvaja dru\u017eba Termogradnje in\u017eeniring d.o.o. (upravljavec), ali ki se izvaja v imenu upravnika. Podatki o upravitelju: Termogradnje in\u017eeniring d.o.o. Cankarjeva cesta 1 1270 &#8211; Litija Dav\u010dna \u0161t. SI68206836 Mati\u010dna \u0161t.: 3320936000 Email: info(at)termogradnje.si Kak\u0161ne osebne podatke obdelujemo? [&hellip;]<\/p>\n","protected":false},"author":1,"featured_media":0,"parent":0,"menu_order":0,"comment_status":"closed","ping_status":"closed","template":"","meta":{"footnotes":""},"class_list":["post-1606","page","type-page","status-publish","hentry"],"_links":{"self":[{"href":"https:\/\/www.termogradnje.si\/sl\/wp-json\/wp\/v2\/pages\/1606","targetHints":{"allow":["GET"]}}],"collection":[{"href":"https:\/\/www.termogradnje.si\/sl\/wp-json\/wp\/v2\/pages"}],"about":[{"href":"https:\/\/www.termogradnje.si\/sl\/wp-json\/wp\/v2\/types\/page"}],"author":[{"embeddable":true,"href":"https:\/\/www.termogradnje.si\/sl\/wp-json\/wp\/v2\/users\/1"}],"replies":[{"embeddable":true,"href":"https:\/\/www.termogradnje.si\/sl\/wp-json\/wp\/v2\/comments?post=1606"}],"version-history":[{"count":0,"href":"https:\/\/www.termogradnje.si\/sl\/wp-json\/wp\/v2\/pages\/1606\/revisions"}],"wp:attachment":[{"href":"https:\/\/www.termogradnje.si\/sl\/wp-json\/wp\/v2\/media?parent=1606"}],"curies":[{"name":"wp","href":"https:\/\/api.w.org\/{rel}","templated":true}]}}