{"id":1843,"date":"2024-11-05T10:32:13","date_gmt":"2024-11-05T09:32:13","guid":{"rendered":"https:\/\/www.termogradnje.si\/?page_id=1843"},"modified":"2024-11-05T10:34:25","modified_gmt":"2024-11-05T09:34:25","slug":"politika-sistema-vodenja","status":"publish","type":"page","link":"https:\/\/www.termogradnje.si\/sl\/politika-sistema-vodenja\/","title":{"rendered":"Politika sistema vodenja"},"content":{"rendered":"\t\t<div data-elementor-type=\"wp-page\" data-elementor-id=\"1843\" class=\"elementor elementor-1843\" data-elementor-post-type=\"page\">\n\t\t\t\t<div class=\"elementor-element elementor-element-26e8b57 e-flex e-con-boxed e-con e-parent\" data-id=\"26e8b57\" data-element_type=\"container\" data-e-type=\"container\" data-settings=\"{&quot;background_background&quot;:&quot;classic&quot;}\">\n\t\t\t\t\t<div class=\"e-con-inner\">\n\t\t\t\t<div class=\"elementor-element elementor-element-34834c9 elementor-widget-divider--view-line elementor-widget elementor-widget-divider\" data-id=\"34834c9\" data-element_type=\"widget\" data-e-type=\"widget\" data-widget_type=\"divider.default\">\n\t\t\t\t<div class=\"elementor-widget-container\">\n\t\t\t\t\t\t\t<div class=\"elementor-divider\">\n\t\t\t<span class=\"elementor-divider-separator\">\n\t\t\t\t\t\t<\/span>\n\t\t<\/div>\n\t\t\t\t\t\t<\/div>\n\t\t\t\t<\/div>\n\t\t\t\t\t<\/div>\n\t\t\t\t<\/div>\n\t\t<div class=\"elementor-element elementor-element-1b57892 e-flex e-con-boxed e-con e-parent\" data-id=\"1b57892\" data-element_type=\"container\" data-e-type=\"container\">\n\t\t\t\t\t<div class=\"e-con-inner\">\n\t\t<div class=\"elementor-element elementor-element-4136c6c e-con-full article e-flex e-con e-child\" data-id=\"4136c6c\" data-element_type=\"container\" data-e-type=\"container\">\n\t\t\t\t<div class=\"elementor-element elementor-element-8d0d4e1 elementor-widget elementor-widget-text-editor\" data-id=\"8d0d4e1\" data-element_type=\"widget\" data-e-type=\"widget\" data-widget_type=\"text-editor.default\">\n\t\t\t\t<div class=\"elementor-widget-container\">\n\t\t\t\t\t\t\t\t\t<p>Vodstvo in vsi zaposleni v podjetju bomo s strokovnim in odgovornim opravljanjem svojega dela naredili vse, da bomo izpolnili zahteve in pri\u010dakovanja na\u0161ih strank, poslovnih partnerjev, zaposlenih, okolja in dru\u017ebe. Na\u0161 poslovni uspeh ni prepu\u0161\u010den naklju\u010dju, pa\u010d pa je skrbno na\u010drtovan, voden in nadzorovan ter s tem zavezan nenehnemu izbolj\u0161evanju sistema vodenja kakovosti.<\/p><p>\u00a0<\/p><p>Na\u0161 cilj je zagotavljanje kakovostne in celovite storitve. Ta cilj dosegamo:<\/p><ul><li>z odgovornim odlo\u010danjem na osnovi dejstev,<\/li><li>z upravljanjem prepoznanih tveganj in udejanjanjem zaznanih prilo\u017enosti,<\/li><li>z vzpostavljanjem dobrih pogojev in odnosov znotraj in izven podjetja,<\/li><li>z razvojem kompetenc in spodbujanjem inovativnosti zaposlenih,<\/li><li>z doslednim spo\u0161tovanjem zakonodaje,<\/li><li>s strmenjem k vitkim, uspe\u0161nim, u\u010dinkovitim in varnim procesom,<\/li><li>pove\u010danju storitev z ve\u010djo dodano vrednostjo,<\/li><li>s skrbnim izbiranjem usposobljenih partnerjev,<\/li><li>s podpiranjem razvoja stroke in pridobivanjem novih znanj ter<\/li><li>z zavezanostjo k varovanju okolja in odgovornosti do podjetja.<\/li><\/ul><p>\u00a0<\/p><p>Direktor se zavezuje, da bo po svojih najbolj\u0161ih mo\u010deh in s svojim osebnim zgledom vztrajal pri doseganju navedenih ciljev.<br \/>Vsi zaposleni so seznanjeni s politiko kakovosti, jo sprejemajo in se trudijo, da podjetje dose\u017ee zastavljene cilje. <\/p>\t\t\t\t\t\t\t\t<\/div>\n\t\t\t\t<\/div>\n\t\t\t\t<\/div>\n\t\t\t\t\t<\/div>\n\t\t\t\t<\/div>\n\t\t\t\t<\/div>\n\t\t","protected":false},"excerpt":{"rendered":"<p>Vodstvo in vsi zaposleni v podjetju bomo s strokovnim in odgovornim opravljanjem svojega dela naredili vse, da bomo izpolnili zahteve in pri\u010dakovanja na\u0161ih strank, poslovnih partnerjev, zaposlenih, okolja in dru\u017ebe. Na\u0161 poslovni uspeh ni prepu\u0161\u010den naklju\u010dju, pa\u010d pa je skrbno na\u010drtovan, voden in nadzorovan ter s tem zavezan nenehnemu izbolj\u0161evanju sistema vodenja kakovosti. \u00a0 Na\u0161 [&hellip;]<\/p>\n","protected":false},"author":2,"featured_media":0,"parent":0,"menu_order":0,"comment_status":"closed","ping_status":"closed","template":"","meta":{"footnotes":""},"class_list":["post-1843","page","type-page","status-publish","hentry"],"_links":{"self":[{"href":"https:\/\/www.termogradnje.si\/sl\/wp-json\/wp\/v2\/pages\/1843","targetHints":{"allow":["GET"]}}],"collection":[{"href":"https:\/\/www.termogradnje.si\/sl\/wp-json\/wp\/v2\/pages"}],"about":[{"href":"https:\/\/www.termogradnje.si\/sl\/wp-json\/wp\/v2\/types\/page"}],"author":[{"embeddable":true,"href":"https:\/\/www.termogradnje.si\/sl\/wp-json\/wp\/v2\/users\/2"}],"replies":[{"embeddable":true,"href":"https:\/\/www.termogradnje.si\/sl\/wp-json\/wp\/v2\/comments?post=1843"}],"version-history":[{"count":0,"href":"https:\/\/www.termogradnje.si\/sl\/wp-json\/wp\/v2\/pages\/1843\/revisions"}],"wp:attachment":[{"href":"https:\/\/www.termogradnje.si\/sl\/wp-json\/wp\/v2\/media?parent=1843"}],"curies":[{"name":"wp","href":"https:\/\/api.w.org\/{rel}","templated":true}]}}